{"id":848,"date":"2021-06-09T18:08:49","date_gmt":"2021-06-09T18:08:49","guid":{"rendered":"https:\/\/soulfoodx.ch\/?page_id=848"},"modified":"2023-01-11T09:36:43","modified_gmt":"2023-01-11T09:36:43","slug":"jobs","status":"publish","type":"page","link":"https:\/\/soulfoodx.ch\/?page_id=848","title":{"rendered":"Jobs"},"content":{"rendered":"\n<p>F\u00fcr unser Mittagsgesch\u00e4ft suche<strong> ich f\u00fcr den <\/strong>Frontbereich Unterst\u00fctzung.<\/p>\n\n\n\n<p>Gastroerfahrung ist von Vorteil, aber nicht n\u00f6tig. Die Arbeit ist abwechslungsreich und spannend. In erster Linie geht es Bestellungen entgegenzunehmen, Einzukassieren, Bestellungen zu \u00fcbergeben oder zu servieren. Bedingt eine kurze Einarbeitungsphase. <\/p>\n\n\n\n<p>Interessiert? Dann schreib kurz ein Mail mit Lebenslauf und ich melde mich.<\/p>\n","protected":false},"excerpt":{"rendered":"<p>F\u00fcr unser Mittagsgesch\u00e4ft suche ich f\u00fcr den Frontbereich Unterst\u00fctzung. Gastroerfahrung ist von Vorteil, aber nicht n\u00f6tig. Die Arbeit ist abwechslungsreich und spannend. In erster Linie [&hellip;] <span class=\"read-more-link\"><a class=\"read-more\" href=\"https:\/\/soulfoodx.ch\/?page_id=848\">Read More<\/a><\/span><\/p>\n","protected":false},"author":2,"featured_media":0,"parent":0,"menu_order":0,"comment_status":"closed","ping_status":"closed","template":"","meta":[],"_links":{"self":[{"href":"https:\/\/soulfoodx.ch\/index.php?rest_route=\/wp\/v2\/pages\/848"}],"collection":[{"href":"https:\/\/soulfoodx.ch\/index.php?rest_route=\/wp\/v2\/pages"}],"about":[{"href":"https:\/\/soulfoodx.ch\/index.php?rest_route=\/wp\/v2\/types\/page"}],"author":[{"embeddable":true,"href":"https:\/\/soulfoodx.ch\/index.php?rest_route=\/wp\/v2\/users\/2"}],"replies":[{"embeddable":true,"href":"https:\/\/soulfoodx.ch\/index.php?rest_route=%2Fwp%2Fv2%2Fcomments&post=848"}],"version-history":[{"count":3,"href":"https:\/\/soulfoodx.ch\/index.php?rest_route=\/wp\/v2\/pages\/848\/revisions"}],"predecessor-version":[{"id":981,"href":"https:\/\/soulfoodx.ch\/index.php?rest_route=\/wp\/v2\/pages\/848\/revisions\/981"}],"wp:attachment":[{"href":"https:\/\/soulfoodx.ch\/index.php?rest_route=%2Fwp%2Fv2%2Fmedia&parent=848"}],"curies":[{"name":"wp","href":"https:\/\/api.w.org\/{rel}","templated":true}]}}